{"id":96,"date":"2016-04-20T11:01:49","date_gmt":"2016-04-20T11:01:49","guid":{"rendered":"http:\/\/rainerboehm.de\/?page_id=96"},"modified":"2024-01-27T02:08:02","modified_gmt":"2024-01-27T02:08:02","slug":"test","status":"publish","type":"page","link":"http:\/\/rainerboehm.de\/index.php\/test\/","title":{"rendered":"Discography"},"content":{"rendered":"<ul>\n<li>Rainer B\u00f6hm Trio \u201clive at the bird\u00b4s eye\u201d feat. Rainer B\u00f6hm als Pianist und Komponist (release<br \/>\n2024 by Enja Records)<\/li>\n<li>Rainer B\u00f6hm Sextet \u201cWhat If\u201d feat. Rainer B\u00f6hm als Pianist und Komponist (released<br \/>\n2023 by Enja Records)<\/li>\n<li>Dieter Ilg Trio &#8220;Ravel&#8221; mit Rainer B\u00f6hm als Pianist (ver\u00f6ffentlicht 2022 auf dem Label<br \/>\nACT)<\/li>\n<li>Bastian Ju\u0308tte Quartet &#8220;The Cure&#8221; feat. feat. Florian Tru\u0308bsbach, Henning Sieverts und R.<br \/>\nB\u00f6hm (released 2022 by Laika Records)<\/li>\n<li>Duo Johannes Enders \/ Rainer B\u00f6hm &#8220;Kokoro&#8221; feat. Johannes Enders und R. B\u00f6hm als Pianist und Komponist (released 2021 by Enja Records)<\/li>\n<li>Jonas Sorgenfrei Quartet &#8220;Elephants Marching On&#8221; feat. Wanja Slavin, Matthias Nowak und R. B\u00f6hm als Pianist und Komponist (released 2021 by Unit Records)<\/li>\n<li>Arne Huber Quartet &#8220;Live At The Bird\u00b4s Eye&#8221; feat. Domenic Landolf, Jochen R\u00fcckert und R. B\u00f6hm als Pianist (released 2020 by Meta Records)<\/li>\n<li>WDR Big Band mit Luciana Souza (released 2020 by Sunnyside Records) feat. WDR Big Band mit R. B\u00f6hm als Pianist<\/li>\n<li>Aleyej Malakhaus &#8220;Leiblich&#8221; feat. Bodek Janke, Joscha \u00d6tz und R. B\u00f6hm als Pianist (released 2020 by Double Moon Records)<\/li>\n<li>Duo Rainer B\u00f6hm \/ Norbert Scholly \u201cEl Movimiento Del Gato Negro\u201d (released 2019 by Laika Records) feat. Norbert Scholly und R. B\u00f6hm als Pianist, Komponist und Arrangeur<\/li>\n<li>Rainer B\u00f6hm &#8220;h\u00fdd\u014dr&#8221; (released 2018 by ACT) feat. R. B\u00f6hm als Pianist und Komponist<\/li>\n<li>Peter Gall \u201cParadox Dreambox\u201d feat. R. Baas, W. Slavin, B. Kraef, M. Pichler und R. B\u00f6hm als Pianist (released 2018 by Traumton)<\/li>\n<li>Wanja Slavin \u201cLotus Eaters\u201d Salvation feat. u.a. Petter Eldh, Nasheet Waits und R. B\u00f6hm als Pianist (released 2018 by WhyPlayJazz)<\/li>\n<li>Vitaliy Zolotov \u201cVitime Band II\u201d feat. Joscha \u00d6tz, Bodek Janke und R. B\u00f6hm als Pianist (released 2017 by EMP Records)<\/li>\n<li>Dieter Ilg Trio &#8220;B-A-C-H&#8221; feat. P. Heral und R. B\u00f6hm<b> <\/b>(released 2017 by ACT)<\/li>\n<li>Arne Huber Quartet &#8220;Im Echten Leben&#8221; feat. Domenic Landolf, Jochen R\u00fcckert, Wanja Slavin und Rainer B\u00f6hm (released 2017 by Meta Records)<\/li>\n<li>Lutz H\u00e4fner \/ Rainer B\u00f6hm + 4 Celli \u201cNo Lonely Nights\u201d (released 2016 by Care Music)<\/li>\n<li>Karolina Strassmayer \/ Drori Mondlak Quartet \u201cOf Mystery and Beauty\u201d feat. John Goldsby und R. B\u00f6hm (released 2016 by Lilypad Music)<\/li>\n<li>Bastian J\u00fctte Quartet \u201cHappiness Is Overrated\u201d feat. Florian Tr\u00fcbsbach, Henning Sieverts und R. B\u00f6hm (released 2016 by Unit Records)<\/li>\n<li>Duo Rainer B\u00f6hm \/ Norbert Scholly \u201cJuvenile\u201d (released 2015 by Pirouet Records)<\/li>\n<li>Northbound \/ Southbound feat. Axel Schlosser, Karl-Martin Almquist, R. B\u00f6hm, A. Huber und P. H\u00f6chst\u00e4tter (released 2015 by Edition Longplay as LP)<\/li>\n<li>Dieter Ilg Trio \u201cMein Beethoven\u201d feat. P. Heral und R. B\u00f6hm als Pianist (released 2015 by ACT)<\/li>\n<li>Arne Huber Quartet \u201cPearls\u201d feat. Domenic Landolf, Rainer B\u00f6hm und Jochen R\u00fcckert (released 2015 by Meta Records)<\/li>\n<li>Axel Schlosser &amp; HR Big Band \u201cInto The Mackerel Sky\u201d mit Rainer B\u00f6hm als Solist (released 2015 by Double Moon Records)<\/li>\n<li>Malte D\u00fcrrschnabel Quartet \u201cStrayhorn\u201d feat. Rainer B\u00f6hm, H. Gailing und S. Morger (released 2015 by Double Moon Records)<\/li>\n<li>Rainer B\u00f6hm Trio \u201cStandards\u201d feat. J. Burgwinkel und Henning Sieverts (released 2014 by The World Music Cafe)<\/li>\n<li>Wanja Slavin Lotus Eaters \u201cFor Yery Sad And Yery Tired Lotus Eaters\u201d feat. P. Gropper, R. B\u00f6hm, A. Lang und T. Backhaus (released 2014 by WhyPlayJazz)<\/li>\n<li>KOI Trio \u201cLight Blue\u201d feat. Sebastian Gille \/ Rainer B\u00f6hm (released 2014 by Float Music)<\/li>\n<li>Rainer B\u00f6hm Quartett \u201cFamilia\u201d feat. J. Enders, Phil Donkin und Peter Gall (released 2013 as LP by Edition Longplay and 2014 as CD by Laika)<\/li>\n<li>Dieter Ilg Trio \u201cParsifal\u201d feat. Rainer B\u00f6hm und Patrice Heral (released 2013 by ACT)<\/li>\n<li>L 14, 16 \u201cElder\u201d feat. Axel Schlosser, Steffen Weber, Rainer B\u00f6hm, Arne Huber und Lars Binder (released 2012 by Double Moon)<\/li>\n<li>Duo Lutz H\u00e4fner \/ Rainer B\u00f6hm \u201cDeep\u201d (released 2012 by Care Music)<\/li>\n<li>SWR Big Band \u201cdie Besten aus S\u00fcdwesten\u201d feat. Rainer B\u00f6hm, Claus St\u00f6tter, Dieter Ilg etc. (released 2012 by Edel Germany)<\/li>\n<li>Peter Protschka \u201cKindred Spirits\u201d feat. Christian Ramond, Sebastian Merk und Rainer B\u00f6hm (released 2012 by Personality Records\u201d<\/li>\n<li>Manfred Br\u00fcndl \u201cTip Of The Tongue\u201d feat. Hugo Read, J. Burgwinkel u. Rainer B\u00f6hm (released 2011 by Laika Records)<\/li>\n<li>Dieter Ilg Trio \u201cLive At Schloss Elmau\u201d feat. Rainer B\u00f6hm und Patrice Heral (released 2011 by ACT)<\/li>\n<li>Ben Kraef Quartet feat. Rainer B\u00f6hm, John Patitucci und Marcus Gilmore (released 2011 by ACT)<\/li>\n<li>Lutz H\u00e4fner \u201cBar Talk With Bela\u201d feat. Scott Colley, Adam Rogers, Rainer B\u00f6hm, Jochen R\u00fcckert und Donny McCaslin (release in 2011 by Care Music)<\/li>\n<li>Arne Huber Quartet \u201cJordan\u201d feat. Domenic Landolf, Rainer B\u00f6hm und Jochen R\u00fcckert (released in 2011 by Nagel\/Heyer Records)<\/li>\n<li>Dieter Ilg Trio \u201cOtello\u201d feat. Dieter Ilg, Rainer B\u00f6hm und Patrice Heral (released 2010 by Fullfat Records)<\/li>\n<li>Gary Fuhrmann Quintet \u201eL\u00b4existencialiste\u201c feat. Martin Auer, Rainer B\u00f6hm, Matthias Nowak und Rene Marx (released 2010 by Konnex Records)<\/li>\n<li>Rainer B\u00f6hm Trio \u201eRed Line\u201c feat. Aidan O\u00b4Donnell (Schottland, Bass) und Jeff Hirshfield (New York, drums) (released 2009 by Jazz4ever)<\/li>\n<li>RAL 3 feat. Lutz H\u00e4fner (N\u00fcrnberg, Saxophon), Rainer B\u00f6hm und Amoy Ribas (Rio de Janeiro, Percussion). (Released 2010 by NRW records)<\/li>\n<li>Thomas Stabenow \u201cDie Klavierst\u00fccke\u201d feat. Rainer B\u00f6hm \u2013 piano solo (released 2009 by Bassic Sound)<\/li>\n<li>Lars Binder Jazzsyndrom \u201cMy Personal Songbook\u201d (Released 2009 by Personality Records)<\/li>\n<li>Peter Protschka Quintet \u201cKindred Spirits\u201d featuring Paul Heller, Rainer B\u00f6hm, Dejan Terzic und Thomas Stabenow. (released 2007 by Jazz4ever Records)<\/li>\n<li>Regina Klein \u201cScarlet Wings\u201d feat. Tony Lakatos, Dave King, Axel Schlosser, Rainer B\u00f6hm und Heinz Lichius (released 2006 by Chaos Records)<\/li>\n<li>Enders Room \u201cHotel Alba\u201d (released 2006 by Tuition records) mit Rainer B\u00f6hm als Gastsolist und Komponist.<\/li>\n<li>B\u00f6hm \u2013 Huber \u2013 Daneck \u201cOut Of Standards\u201d (released 2007 by Jazz4ever)<\/li>\n<li>Oli Strauch Group \u201cGroovin\u00b4 High\u201d feat. Randy Brecker (released 2007 by Rodenstein Records)<\/li>\n<li>Juergen Seefelder \/ Ingrid Jensen (USA) \u201cBirds\u201d mit Rainer B\u00f6hm, Thomas Stabenow und Dejan Terzic (recorded on June 19th 2005, released 2005 by Westwind Records)<\/li>\n<li>Axel Schlosser Quartet mit Tony Lakatos, Rainer B\u00f6hm, Arne Huber und Paul H\u00f6chst\u00e4dter (released 2006 by Jazz4ever Records)<\/li>\n<li>Axel Schlosser \u201cTouching The Moon\u201d (released 2005 by Jazz4ever Records)<\/li>\n<li>Johannes Repka \u201cMetanoia\u201d u.a. mit Rudi Mahall, Christopher Dell, Rainer B\u00f6hm und Dejan Terzic (released 2005 by Konnex Records)<\/li>\n<li>Gary Fuhrmann \u201cG \u2013 Zone\u201d mit Johannes Enders, J\u00fcrgen Seefelder, Martin Auer, Rainer B\u00f6hm, Matthias Nowak und Rene Marx (released 2005 by Double Moon Records)<\/li>\n<li>Rainer B\u00f6hm feat. Johannes Enders \u201cB\u201d (recorded on October 30th\/31th 2005, released in 2006 by Jazz4ever Records)<\/li>\n<li>L 14, 16 \u201cPhlogistone\u201d mit Axel Schlosser, Steffen Weber, Rainer B\u00f6hm, Arne Huber und Lars Binder (released 2007 by Nagel Heyer Records)<\/li>\n<li>B\u00f6hm \u2013 Halle \u2013 Sell Trio \u201cOzon\u201d mit Rainer B\u00f6hm, Gunnar Halle und Rainer Sell \u2013 laptop (released 2006 by Jazzcuisine Records)<\/li>\n<li>Juergen Seefelder \/ David Liebman mit Rainer B\u00f6hm, C. Breuer, J. Enders, Jason Seizer, Keith Copeland und Marc Abrams (released 2004 by Westwind records)<\/li>\n<li>Secret Sound Nation mit Sebastian Noelle, Rainer B\u00f6hm Panagiotis Andreou, Martin Valihora (released 2004 by Nolimit Records)<\/li>\n<li>B\u00f6hm \u2013 Halle \u2013 Sell Trio \u201cTry To Org\u201d mit Gunnar Halle und Rainer Sell \u2013 laptop (released 2003 by Jazzcuisine Records)<\/li>\n<li>Alberto Menendez Quartet mit Alberto Menedez, Rainer B\u00f6hm, Russ Spiegel, Thomas Stabenow, Sebastian Merk (released 2002 by IN + OUT Records)<\/li>\n<li>L 14, 16 \u201cdie Er\u00f6ffnung\u201d mit Axel Schlosser, Steffen Weber, Rainer B\u00f6hm, Arne Huber und Lars Binder (released 2002 by Jazz4ever Records)<\/li>\n<li>Thomas Siffling Group \u201cStories\u201d mit Rainer B\u00f6hm, Frank M\u00f6bus, Uwe Lange, Markus Faller (released 2001 by Jazz4ever Records)<\/li>\n<li>Changes \u201cJazz Changes\u201d mit Olaf Sch\u00f6nborn, Rainer B\u00f6hm, Sebastian Noelle und Lars Binder (released 2000 by Jazz\u00b4n Arts Records)<\/li>\n<li>BuJazzO \u201cOn Tour\u201d unter der Leitung von Peter Herbolzheimer<\/li>\n<li>Fritz M\u00fcnzer Tentett \u201cBlue Ideas\u201d mit Rainer B\u00f6hm u.a. (released 2000 by Jazz\u00b4n Arts Records)<\/li>\n<li>Thomas Siffling Quartet \u201cSoft Wind\u201d mit Rainer B\u00f6hm, Uwe Lange, Markus Faller (released 1999 by Satin Doll Records)<\/li>\n<\/ul>\n","protected":false},"excerpt":{"rendered":"<p>Rainer B\u00f6hm Trio \u201clive at the bird\u00b4s eye\u201d feat. Rainer B\u00f6hm als Pianist und Komponist (release 2024 by Enja Records) Rainer B\u00f6hm Sextet \u201cWhat If\u201d feat. Rainer B\u00f6hm als Pianist und Komponist (released 2023 by Enja Records) Dieter Ilg Trio &#8220;Ravel&#8221; mit Rainer B\u00f6hm als Pianist (ver\u00f6ffentlicht 2022 auf dem[&#8230;]<\/p>\n","protected":false},"author":1,"featured_media":0,"parent":0,"menu_order":0,"comment_status":"closed","ping_status":"closed","template":"","meta":[],"yoast_head":"<!-- This site is optimized with the Yoast SEO plugin v19.8 - https:\/\/yoast.com\/wordpress\/plugins\/seo\/ -->\n<title>Discography - RAINER BOEHM<\/title>\n<meta name=\"robots\" content=\"index, follow, max-snippet:-1, max-image-preview:large, max-video-preview:-1\" \/>\n<link rel=\"canonical\" href=\"http:\/\/rainerboehm.de\/index.php\/test\/\" \/>\n<meta property=\"og:locale\" content=\"en_US\" \/>\n<meta property=\"og:type\" content=\"article\" \/>\n<meta property=\"og:title\" content=\"Discography - RAINER BOEHM\" \/>\n<meta property=\"og:description\" content=\"Rainer B\u00f6hm Trio \u201clive at the bird\u00b4s eye\u201d feat. Rainer B\u00f6hm als Pianist und Komponist (release 2024 by Enja Records) Rainer B\u00f6hm Sextet \u201cWhat If\u201d feat. Rainer B\u00f6hm als Pianist und Komponist (released 2023 by Enja Records) Dieter Ilg Trio &#8220;Ravel&#8221; mit Rainer B\u00f6hm als Pianist (ver\u00f6ffentlicht 2022 auf dem[...]\" \/>\n<meta property=\"og:url\" content=\"http:\/\/rainerboehm.de\/index.php\/test\/\" \/>\n<meta property=\"og:site_name\" content=\"RAINER BOEHM\" \/>\n<meta property=\"article:modified_time\" content=\"2024-01-27T02:08:02+00:00\" \/>\n<meta property=\"og:image\" content=\"http:\/\/rainerboehm.de\/wp-content\/uploads\/2016\/04\/RainerBoehm%c2%a9JoachimGern_1755.jpg\" \/>\n<meta name=\"twitter:card\" content=\"summary_large_image\" \/>\n<meta name=\"twitter:label1\" content=\"Est. reading time\" \/>\n\t<meta name=\"twitter:data1\" content=\"6 minutes\" \/>\n<script type=\"application\/ld+json\" class=\"yoast-schema-graph\">{\"@context\":\"https:\/\/schema.org\",\"@graph\":[{\"@type\":\"WebPage\",\"@id\":\"http:\/\/rainerboehm.de\/index.php\/test\/\",\"url\":\"http:\/\/rainerboehm.de\/index.php\/test\/\",\"name\":\"Discography - RAINER BOEHM\",\"isPartOf\":{\"@id\":\"http:\/\/rainerboehm.de\/#website\"},\"datePublished\":\"2016-04-20T11:01:49+00:00\",\"dateModified\":\"2024-01-27T02:08:02+00:00\",\"breadcrumb\":{\"@id\":\"http:\/\/rainerboehm.de\/index.php\/test\/#breadcrumb\"},\"inLanguage\":\"en-US\",\"potentialAction\":[{\"@type\":\"ReadAction\",\"target\":[\"http:\/\/rainerboehm.de\/index.php\/test\/\"]}]},{\"@type\":\"BreadcrumbList\",\"@id\":\"http:\/\/rainerboehm.de\/index.php\/test\/#breadcrumb\",\"itemListElement\":[{\"@type\":\"ListItem\",\"position\":1,\"name\":\"Home\",\"item\":\"http:\/\/rainerboehm.de\/\"},{\"@type\":\"ListItem\",\"position\":2,\"name\":\"Discography\"}]},{\"@type\":\"WebSite\",\"@id\":\"http:\/\/rainerboehm.de\/#website\",\"url\":\"http:\/\/rainerboehm.de\/\",\"name\":\"RAINER BOEHM\",\"description\":\"JAZZ PIANO GERMANY DEUTSCHLAND\",\"potentialAction\":[{\"@type\":\"SearchAction\",\"target\":{\"@type\":\"EntryPoint\",\"urlTemplate\":\"http:\/\/rainerboehm.de\/?s={search_term_string}\"},\"query-input\":\"required name=search_term_string\"}],\"inLanguage\":\"en-US\"}]}<\/script>\n<!-- \/ Yoast SEO plugin. -->","yoast_head_json":{"title":"Discography - RAINER BOEHM","robots":{"index":"index","follow":"follow","max-snippet":"max-snippet:-1","max-image-preview":"max-image-preview:large","max-video-preview":"max-video-preview:-1"},"canonical":"http:\/\/rainerboehm.de\/index.php\/test\/","og_locale":"en_US","og_type":"article","og_title":"Discography - RAINER BOEHM","og_description":"Rainer B\u00f6hm Trio \u201clive at the bird\u00b4s eye\u201d feat. Rainer B\u00f6hm als Pianist und Komponist (release 2024 by Enja Records) Rainer B\u00f6hm Sextet \u201cWhat If\u201d feat. Rainer B\u00f6hm als Pianist und Komponist (released 2023 by Enja Records) Dieter Ilg Trio &#8220;Ravel&#8221; mit Rainer B\u00f6hm als Pianist (ver\u00f6ffentlicht 2022 auf dem[...]","og_url":"http:\/\/rainerboehm.de\/index.php\/test\/","og_site_name":"RAINER BOEHM","article_modified_time":"2024-01-27T02:08:02+00:00","og_image":[{"url":"http:\/\/rainerboehm.de\/wp-content\/uploads\/2016\/04\/RainerBoehm%c2%a9JoachimGern_1755.jpg"}],"twitter_card":"summary_large_image","twitter_misc":{"Est. reading time":"6 minutes"},"schema":{"@context":"https:\/\/schema.org","@graph":[{"@type":"WebPage","@id":"http:\/\/rainerboehm.de\/index.php\/test\/","url":"http:\/\/rainerboehm.de\/index.php\/test\/","name":"Discography - RAINER BOEHM","isPartOf":{"@id":"http:\/\/rainerboehm.de\/#website"},"datePublished":"2016-04-20T11:01:49+00:00","dateModified":"2024-01-27T02:08:02+00:00","breadcrumb":{"@id":"http:\/\/rainerboehm.de\/index.php\/test\/#breadcrumb"},"inLanguage":"en-US","potentialAction":[{"@type":"ReadAction","target":["http:\/\/rainerboehm.de\/index.php\/test\/"]}]},{"@type":"BreadcrumbList","@id":"http:\/\/rainerboehm.de\/index.php\/test\/#breadcrumb","itemListElement":[{"@type":"ListItem","position":1,"name":"Home","item":"http:\/\/rainerboehm.de\/"},{"@type":"ListItem","position":2,"name":"Discography"}]},{"@type":"WebSite","@id":"http:\/\/rainerboehm.de\/#website","url":"http:\/\/rainerboehm.de\/","name":"RAINER BOEHM","description":"JAZZ PIANO GERMANY DEUTSCHLAND","potentialAction":[{"@type":"SearchAction","target":{"@type":"EntryPoint","urlTemplate":"http:\/\/rainerboehm.de\/?s={search_term_string}"},"query-input":"required name=search_term_string"}],"inLanguage":"en-US"}]}},"_links":{"self":[{"href":"http:\/\/rainerboehm.de\/index.php\/wp-json\/wp\/v2\/pages\/96"}],"collection":[{"href":"http:\/\/rainerboehm.de\/index.php\/wp-json\/wp\/v2\/pages"}],"about":[{"href":"http:\/\/rainerboehm.de\/index.php\/wp-json\/wp\/v2\/types\/page"}],"author":[{"embeddable":true,"href":"http:\/\/rainerboehm.de\/index.php\/wp-json\/wp\/v2\/users\/1"}],"replies":[{"embeddable":true,"href":"http:\/\/rainerboehm.de\/index.php\/wp-json\/wp\/v2\/comments?post=96"}],"version-history":[{"count":14,"href":"http:\/\/rainerboehm.de\/index.php\/wp-json\/wp\/v2\/pages\/96\/revisions"}],"predecessor-version":[{"id":593,"href":"http:\/\/rainerboehm.de\/index.php\/wp-json\/wp\/v2\/pages\/96\/revisions\/593"}],"wp:attachment":[{"href":"http:\/\/rainerboehm.de\/index.php\/wp-json\/wp\/v2\/media?parent=96"}],"curies":[{"name":"wp","href":"https:\/\/api.w.org\/{rel}","templated":true}]}}